{"id":1323,"date":"2026-03-11T14:52:17","date_gmt":"2026-03-11T11:52:17","guid":{"rendered":"https:\/\/fahriatabeyvakfi.com\/?page_id=1323"},"modified":"2026-03-11T15:02:16","modified_gmt":"2026-03-11T12:02:16","slug":"toplanti-salonu-kiralama","status":"publish","type":"page","link":"https:\/\/fahriatabeyvakfi.com\/index.php\/toplanti-salonu-kiralama\/","title":{"rendered":"Toplant\u0131 Salonu Kiralama"},"content":{"rendered":"\t\t<div data-elementor-type=\"wp-page\" data-elementor-id=\"1323\" class=\"elementor elementor-1323\" data-elementor-post-type=\"page\">\n\t\t\t\t<div class=\"elementor-element elementor-element-2d85b7a1 e-flex e-con-boxed e-con e-parent\" data-id=\"2d85b7a1\" data-element_type=\"container\" data-settings=\"{&quot;background_background&quot;:&quot;classic&quot;}\">\n\t\t\t\t\t<div class=\"e-con-inner\">\n\t\t<div class=\"elementor-element elementor-element-40ce383c e-con-full e-flex e-con e-child\" data-id=\"40ce383c\" data-element_type=\"container\" data-settings=\"{&quot;background_background&quot;:&quot;classic&quot;}\">\n\t\t\t\t<div class=\"elementor-element elementor-element-5a907d88 elementor-widget elementor-widget-heading\" data-id=\"5a907d88\" data-element_type=\"widget\" data-widget_type=\"heading.default\">\n\t\t\t\t\t<h1 class=\"elementor-heading-title elementor-size-default\">Toplant\u0131 Salonu Kiralama<\/h1>\t\t\t\t<\/div>\n\t\t\t\t<div class=\"elementor-element elementor-element-3c3ed18 elementor-widget elementor-widget-ucaddon_breadcrumbs_widget\" data-id=\"3c3ed18\" data-element_type=\"widget\" data-widget_type=\"ucaddon_breadcrumbs_widget.default\">\n\t\t\t\t<div class=\"elementor-widget-container\">\n\t\t\t\t\t\n<!-- start Breadcrumbs -->\n\t\t<link id='font-awesome-css' href='https:\/\/fahriatabeyvakfi.com\/wp-content\/plugins\/unlimited-elements-for-elementor-premium\/assets_libraries\/font-awesome6\/fontawesome-all.min.css' type='text\/css' rel='stylesheet' >\n\t\t<link id='font-awesome-4-shim-css' href='https:\/\/fahriatabeyvakfi.com\/wp-content\/plugins\/unlimited-elements-for-elementor-premium\/assets_libraries\/font-awesome6\/fontawesome-v4-shims.min.css' type='text\/css' rel='stylesheet' >\n\n<style>\/* widget: Breadcrumbs *\/\n\n#uc_breadcrumbs_widget_elementor_3c3ed18 .uc-breadcrumbs-list {\n  margin: 0;\n  padding: 0;\n  display: flex;\n  flex-wrap: wrap;\n}\n#uc_breadcrumbs_widget_elementor_3c3ed18 .uc-breadcrumbs-list li {\n  display: flex;\n  align-items: center;\n  list-style-type: none;\n}\n#uc_breadcrumbs_widget_elementor_3c3ed18 .uc-item-title {\n    position: relative;\n    display: inline-flex;\n    justify-content: center;\n    align-items: center;\n}\n#uc_breadcrumbs_widget_elementor_3c3ed18 .uc-item-title-inner{\n  display: flex;\n  align-items: center;\n}\n\n\n\n\n\n\n\n<\/style>\n\n\n    \t\n            <div id=\"uc_breadcrumbs_widget_elementor_3c3ed18\" class=\"uc-breadcrumbs\">\n            <ul class=\"uc-breadcrumbs-list default\">\n                                                            <li class=\"uc-breadcrumb-item\">\n                            <a href=\"https:\/\/fahriatabeyvakfi.com\/\" class=\"uc-item-title\">\n                              <span class=\"uc-item-title-inner\">\n                                                                                                Anasayfa\n                              <\/span>\n                            <\/a>\n                                                    <\/li>              \t\t    \n                                                <\/ul>\n        <\/div>\n\n            \n<!-- end Breadcrumbs -->\t\t\t\t<\/div>\n\t\t\t\t<\/div>\n\t\t\t\t<\/div>\n\t\t\t\t\t<\/div>\n\t\t\t\t<\/div>\n\t\t<div class=\"elementor-element elementor-element-1d71ef31 e-con-full e-flex e-con e-parent\" data-id=\"1d71ef31\" data-element_type=\"container\">\n\t\t<div class=\"elementor-element elementor-element-1cb822cd e-con-full e-flex e-con e-child\" data-id=\"1cb822cd\" data-element_type=\"container\">\n\t\t<div class=\"elementor-element elementor-element-608884a e-con-full e-flex e-con e-child\" data-id=\"608884a\" data-element_type=\"container\">\n\t\t<div class=\"elementor-element elementor-element-470f5b3 e-con-full e-flex e-con e-child\" data-id=\"470f5b3\" data-element_type=\"container\">\n\t\t\t\t<div class=\"elementor-element elementor-element-f7f009a elementor-widget elementor-widget-heading\" data-id=\"f7f009a\" data-element_type=\"widget\" data-widget_type=\"heading.default\">\n\t\t\t\t\t<div class=\"elementor-heading-title elementor-size-default\">H\u0131zl\u0131 Eri\u015fim<\/div>\t\t\t\t<\/div>\n\t\t\t\t<div class=\"elementor-element elementor-element-0e38b8f elementor-nav-menu--dropdown-none elementor-widget elementor-widget-nav-menu\" data-id=\"0e38b8f\" data-element_type=\"widget\" data-settings=\"{&quot;layout&quot;:&quot;vertical&quot;,&quot;submenu_icon&quot;:{&quot;value&quot;:&quot;&lt;i class=\\&quot;fas fa-caret-down\\&quot; aria-hidden=\\&quot;true\\&quot;&gt;&lt;\\\/i&gt;&quot;,&quot;library&quot;:&quot;fa-solid&quot;}}\" data-widget_type=\"nav-menu.default\">\n\t\t\t\t\t\t\t\t<nav aria-label=\"Menu\" class=\"elementor-nav-menu--main elementor-nav-menu__container elementor-nav-menu--layout-vertical e--pointer-none\">\n\t\t\t\t<ul id=\"menu-1-0e38b8f\" class=\"elementor-nav-menu sm-vertical\"><li class=\"menu-item menu-item-type-post_type menu-item-object-faaliyet menu-item-1143\"><a href=\"https:\/\/fahriatabeyvakfi.com\/index.php\/faaliyet\/burs-faaliyetleri\/\" class=\"elementor-item\">Burs Faaliyetleri<\/a><\/li>\n<li class=\"menu-item menu-item-type-post_type menu-item-object-faaliyet menu-item-1144\"><a href=\"https:\/\/fahriatabeyvakfi.com\/index.php\/faaliyet\/saglik-yardimlari\/\" class=\"elementor-item\">Sa\u011fl\u0131k Yard\u0131mlar\u0131<\/a><\/li>\n<li class=\"menu-item menu-item-type-post_type menu-item-object-faaliyet menu-item-1145\"><a href=\"https:\/\/fahriatabeyvakfi.com\/index.php\/faaliyet\/ilac-yardimlari\/\" class=\"elementor-item\">\u0130la\u00e7 Yard\u0131mlar\u0131<\/a><\/li>\n<li class=\"menu-item menu-item-type-post_type menu-item-object-faaliyet menu-item-1146\"><a href=\"https:\/\/fahriatabeyvakfi.com\/index.php\/faaliyet\/teknik-ekipman-tedariki\/\" class=\"elementor-item\">Teknik Ekipman Tedariki<\/a><\/li>\n<li class=\"menu-item menu-item-type-post_type menu-item-object-faaliyet menu-item-1147\"><a href=\"https:\/\/fahriatabeyvakfi.com\/index.php\/faaliyet\/anne-cocuk-sagligi-destek-faaliyetleri\/\" class=\"elementor-item\">Anne \u2013 \u00c7ocuk Sa\u011fl\u0131\u011f\u0131 Destek Faaliyetleri<\/a><\/li>\n<li class=\"menu-item menu-item-type-post_type menu-item-object-faaliyet menu-item-1148\"><a href=\"https:\/\/fahriatabeyvakfi.com\/index.php\/faaliyet\/amaca-yonelik-faaliyetler\/\" class=\"elementor-item\">Amaca Y\u00f6nelik Faaliyetler<\/a><\/li>\n<\/ul>\t\t\t<\/nav>\n\t\t\t\t\t\t<nav class=\"elementor-nav-menu--dropdown elementor-nav-menu__container\" aria-hidden=\"true\">\n\t\t\t\t<ul id=\"menu-2-0e38b8f\" class=\"elementor-nav-menu sm-vertical\"><li class=\"menu-item menu-item-type-post_type menu-item-object-faaliyet menu-item-1143\"><a href=\"https:\/\/fahriatabeyvakfi.com\/index.php\/faaliyet\/burs-faaliyetleri\/\" class=\"elementor-item\" tabindex=\"-1\">Burs Faaliyetleri<\/a><\/li>\n<li class=\"menu-item menu-item-type-post_type menu-item-object-faaliyet menu-item-1144\"><a href=\"https:\/\/fahriatabeyvakfi.com\/index.php\/faaliyet\/saglik-yardimlari\/\" class=\"elementor-item\" tabindex=\"-1\">Sa\u011fl\u0131k Yard\u0131mlar\u0131<\/a><\/li>\n<li class=\"menu-item menu-item-type-post_type menu-item-object-faaliyet menu-item-1145\"><a href=\"https:\/\/fahriatabeyvakfi.com\/index.php\/faaliyet\/ilac-yardimlari\/\" class=\"elementor-item\" tabindex=\"-1\">\u0130la\u00e7 Yard\u0131mlar\u0131<\/a><\/li>\n<li class=\"menu-item menu-item-type-post_type menu-item-object-faaliyet menu-item-1146\"><a href=\"https:\/\/fahriatabeyvakfi.com\/index.php\/faaliyet\/teknik-ekipman-tedariki\/\" class=\"elementor-item\" tabindex=\"-1\">Teknik Ekipman Tedariki<\/a><\/li>\n<li class=\"menu-item menu-item-type-post_type menu-item-object-faaliyet menu-item-1147\"><a href=\"https:\/\/fahriatabeyvakfi.com\/index.php\/faaliyet\/anne-cocuk-sagligi-destek-faaliyetleri\/\" class=\"elementor-item\" tabindex=\"-1\">Anne \u2013 \u00c7ocuk Sa\u011fl\u0131\u011f\u0131 Destek Faaliyetleri<\/a><\/li>\n<li class=\"menu-item menu-item-type-post_type menu-item-object-faaliyet menu-item-1148\"><a href=\"https:\/\/fahriatabeyvakfi.com\/index.php\/faaliyet\/amaca-yonelik-faaliyetler\/\" class=\"elementor-item\" tabindex=\"-1\">Amaca Y\u00f6nelik Faaliyetler<\/a><\/li>\n<\/ul>\t\t\t<\/nav>\n\t\t\t\t\t\t<\/div>\n\t\t\t\t<\/div>\n\t\t\t\t<\/div>\n\t\t<div class=\"elementor-element elementor-element-7cb263b5 e-con-full e-flex e-con e-child\" data-id=\"7cb263b5\" data-element_type=\"container\">\n\t\t\t\t<div class=\"elementor-element elementor-element-efa4754 elementor-widget elementor-widget-text-editor\" data-id=\"efa4754\" data-element_type=\"widget\" data-widget_type=\"text-editor.default\">\n\t\t\t\t\t\t\t\t\t<h1 data-section-id=\"1p544p1\" data-start=\"383\" data-end=\"433\">Bilimsel Toplant\u0131lar \u0130\u00e7in Modern Toplant\u0131 Salonu<\/h1><p data-start=\"435\" data-end=\"647\">Fahri Atabey Anne ve \u00c7ocuk Sa\u011fl\u0131\u011f\u0131n\u0131 Koruma Vakf\u0131 b\u00fcnyesinde yer alan toplant\u0131 salonumuz; bilimsel toplant\u0131lar, akademik seminerler, e\u011fitim programlar\u0131 ve kurumsal sunumlar i\u00e7in profesyonel bir ortam sunmaktad\u0131r.<\/p><p data-start=\"649\" data-end=\"831\">Modern teknik altyap\u0131s\u0131, konforlu oturma d\u00fczeni ve akademik etkinliklere uygun yap\u0131s\u0131 sayesinde toplant\u0131 salonumuz; bilgi payla\u015f\u0131m\u0131n\u0131 destekleyen etkinlikler i\u00e7in ideal bir mekand\u0131r.<\/p><p data-start=\"833\" data-end=\"1004\">\u00dcniversiteler, akademisyenler, sa\u011fl\u0131k profesyonelleri ve sivil toplum kurulu\u015flar\u0131 taraf\u0131ndan d\u00fczenlenecek bilimsel etkinlikler i\u00e7in toplant\u0131 salonumuz kiralanabilmektedir.<\/p>\t\t\t\t\t\t\t\t<\/div>\n\t\t<div class=\"elementor-element elementor-element-57d86a42 e-con-full e-flex e-con e-child\" data-id=\"57d86a42\" data-element_type=\"container\" data-settings=\"{&quot;background_background&quot;:&quot;classic&quot;}\">\n\t\t<div class=\"elementor-element elementor-element-51bf6035 e-con-full e-flex e-con e-child\" data-id=\"51bf6035\" data-element_type=\"container\">\n\t\t\t\t<div class=\"elementor-element elementor-element-5d0897e1 elementor-widget elementor-widget-heading\" data-id=\"5d0897e1\" data-element_type=\"widget\" data-widget_type=\"heading.default\">\n\t\t\t\t\t<span class=\"elementor-heading-title elementor-size-default\">Bilimsel Etkinli\u011finizi Profesyonel Bir Ortamda Ger\u00e7ekle\u015ftirin<\/span>\t\t\t\t<\/div>\n\t\t\t\t<div class=\"elementor-element elementor-element-5bea80d1 elementor-widget elementor-widget-text-editor\" data-id=\"5bea80d1\" data-element_type=\"widget\" data-widget_type=\"text-editor.default\">\n\t\t\t\t\t\t\t\t\t<p>Toplant\u0131 salonumuz hakk\u0131nda bilgi almak ve rezervasyon olu\u015fturmak i\u00e7in bizimle ileti\u015fime ge\u00e7ebilirsiniz.<\/p>\t\t\t\t\t\t\t\t<\/div>\n\t\t\t\t<\/div>\n\t\t<div class=\"elementor-element elementor-element-6343303 e-con-full e-flex e-con e-child\" data-id=\"6343303\" data-element_type=\"container\">\n\t\t\t\t<div class=\"elementor-element elementor-element-1ccb401c elementor-align-justify elementor-widget elementor-widget-button\" data-id=\"1ccb401c\" data-element_type=\"widget\" data-widget_type=\"button.default\">\n\t\t\t\t\t\t\t\t\t\t<a class=\"elementor-button elementor-button-link elementor-size-sm\" href=\"https:\/\/fahriatabeyvakfi.com\/index.php\/iletisim\/\">\n\t\t\t\t\t\t<span class=\"elementor-button-content-wrapper\">\n\t\t\t\t\t\t\t\t\t<span class=\"elementor-button-text\">Rezervasyon Talebi Olu\u015ftur<\/span>\n\t\t\t\t\t<\/span>\n\t\t\t\t\t<\/a>\n\t\t\t\t\t\t\t\t<\/div>\n\t\t\t\t<\/div>\n\t\t\t\t<\/div>\n\t\t\t\t<div class=\"elementor-element elementor-element-20c937d elementor-widget elementor-widget-text-editor\" data-id=\"20c937d\" data-element_type=\"widget\" data-widget_type=\"text-editor.default\">\n\t\t\t\t\t\t\t\t\t<div style=\"position:relative;padding-bottom:56.25%;height:0;overflow:hidden;\">\n<iframe src=\"https:\/\/www.youtube.com\/embed\/4Jo_Doy4jeI\" \nframeborder=\"0\" \nallowfullscreen \nstyle=\"position:absolute;top:0;left:0;width:100%;height:100%;\">\n<\/iframe>\n<\/div>\t\t\t\t\t\t\t\t<\/div>\n\t\t\t\t<div class=\"elementor-element elementor-element-b095ccc elementor-widget elementor-widget-text-editor\" data-id=\"b095ccc\" data-element_type=\"widget\" data-widget_type=\"text-editor.default\">\n\t\t\t\t\t\t\t\t\t<h2 data-section-id=\"x6ug1e\" data-start=\"1649\" data-end=\"1665\">SALON HAKKINDA<\/h2><p data-start=\"1667\" data-end=\"1808\">Fahri Atabey Vakf\u0131 toplant\u0131 salonu; bilimsel bilgi payla\u015f\u0131m\u0131n\u0131 destekleyen akademik toplant\u0131lara ev sahipli\u011fi yapmak amac\u0131yla tasarlanm\u0131\u015ft\u0131r.<\/p><p data-start=\"1810\" data-end=\"1944\">Salon; e\u011fitim etkinlikleri, panel organizasyonlar\u0131, akademik sunumlar ve profesyonel toplant\u0131lar i\u00e7in uygun teknik altyap\u0131ya sahiptir.<\/p><p data-start=\"1946\" data-end=\"2094\">Konforlu oturma d\u00fczeni ve teknik donan\u0131mlar\u0131 sayesinde hem konu\u015fmac\u0131lar hem de kat\u0131l\u0131mc\u0131lar i\u00e7in verimli ve profesyonel bir toplant\u0131 deneyimi sunar.<\/p><hr data-start=\"2096\" data-end=\"2099\" \/><h2 data-section-id=\"1drt3b4\" data-start=\"2101\" data-end=\"2120\">SALON \u00d6ZELL\u0130KLER\u0130<\/h2><p data-start=\"2122\" data-end=\"2377\">\u2022 Maksimum <strong data-start=\"2133\" data-end=\"2165\">70 ki\u015filik oturma kapasitesi<\/strong><br data-start=\"2165\" data-end=\"2168\" \/>\u2022 Modern <strong data-start=\"2177\" data-end=\"2209\">\u0131s\u0131tma ve so\u011futma sistemleri<\/strong><br data-start=\"2209\" data-end=\"2212\" \/>\u2022 <strong data-start=\"2214\" data-end=\"2251\">Barkovizyon \/ projeksiyon sistemi<\/strong><br data-start=\"2251\" data-end=\"2254\" \/>\u2022 Sunumlar i\u00e7in <strong data-start=\"2270\" data-end=\"2283\">TV ekran\u0131<\/strong><br data-start=\"2283\" data-end=\"2286\" \/>\u2022 <strong data-start=\"2288\" data-end=\"2317\">Kablosuz internet (Wi-Fi)<\/strong> eri\u015fimi<br data-start=\"2325\" data-end=\"2328\" \/>\u2022 Seminer ve sunumlara uygun <strong data-start=\"2357\" data-end=\"2377\">konferans d\u00fczeni<\/strong><\/p><hr data-start=\"2379\" data-end=\"2382\" \/><h2 data-section-id=\"1ximzy0\" data-start=\"2384\" data-end=\"2415\">HANG\u0130 ETK\u0130NL\u0130KLER \u0130\u00c7\u0130N UYGUN?<\/h2><p data-start=\"2417\" data-end=\"2478\">Toplant\u0131 salonumuz a\u015fa\u011f\u0131daki etkinlikler i\u00e7in kullan\u0131labilir:<\/p><p data-start=\"2480\" data-end=\"2680\">\u2022 Akademik toplant\u0131lar<br data-start=\"2502\" data-end=\"2505\" \/>\u2022 Bilimsel seminerler<br data-start=\"2526\" data-end=\"2529\" \/>\u2022 Sa\u011fl\u0131k alan\u0131nda e\u011fitim programlar\u0131<br data-start=\"2565\" data-end=\"2568\" \/>\u2022 Panel ve s\u00f6yle\u015filer<br data-start=\"2589\" data-end=\"2592\" \/>\u2022 Kurumsal e\u011fitimler<br data-start=\"2612\" data-end=\"2615\" \/>\u2022 Workshop ve sunum etkinlikleri<br data-start=\"2647\" data-end=\"2650\" \/>\u2022 Dernek ve vak\u0131f toplant\u0131lar\u0131<\/p>\t\t\t\t\t\t\t\t<\/div>\n\t\t\t\t<\/div>\n\t\t\t\t<\/div>\n\t\t\t\t<\/div>\n\t\t\t\t<\/div>\n\t\t","protected":false},"excerpt":{"rendered":"<p>Anasayfa | Blog | Parent Category | Category | Page Title H\u0131zl\u0131 Eri\u015fim Bilimsel Toplant\u0131lar \u0130\u00e7in Modern Toplant\u0131 Salonu Fahri Atabey Anne ve \u00c7ocuk Sa\u011fl\u0131\u011f\u0131n\u0131 Koruma Vakf\u0131 b\u00fcnyesinde yer alan toplant\u0131 salonumuz; bilimsel toplant\u0131lar, akademik seminerler, e\u011fitim programlar\u0131 ve kurumsal sunumlar i\u00e7in profesyonel bir ortam sunmaktad\u0131r. Modern teknik altyap\u0131s\u0131, konforlu oturma d\u00fczeni ve akademik etkinliklere [&hellip;]<\/p>\n","protected":false},"author":1,"featured_media":0,"parent":0,"menu_order":0,"comment_status":"closed","ping_status":"closed","template":"","meta":{"_acf_changed":false,"footnotes":""},"class_list":["post-1323","page","type-page","status-publish","hentry"],"acf":[],"_links":{"self":[{"href":"https:\/\/fahriatabeyvakfi.com\/index.php\/wp-json\/wp\/v2\/pages\/1323","targetHints":{"allow":["GET"]}}],"collection":[{"href":"https:\/\/fahriatabeyvakfi.com\/index.php\/wp-json\/wp\/v2\/pages"}],"about":[{"href":"https:\/\/fahriatabeyvakfi.com\/index.php\/wp-json\/wp\/v2\/types\/page"}],"author":[{"embeddable":true,"href":"https:\/\/fahriatabeyvakfi.com\/index.php\/wp-json\/wp\/v2\/users\/1"}],"replies":[{"embeddable":true,"href":"https:\/\/fahriatabeyvakfi.com\/index.php\/wp-json\/wp\/v2\/comments?post=1323"}],"version-history":[{"count":7,"href":"https:\/\/fahriatabeyvakfi.com\/index.php\/wp-json\/wp\/v2\/pages\/1323\/revisions"}],"predecessor-version":[{"id":1331,"href":"https:\/\/fahriatabeyvakfi.com\/index.php\/wp-json\/wp\/v2\/pages\/1323\/revisions\/1331"}],"wp:attachment":[{"href":"https:\/\/fahriatabeyvakfi.com\/index.php\/wp-json\/wp\/v2\/media?parent=1323"}],"curies":[{"name":"wp","href":"https:\/\/api.w.org\/{rel}","templated":true}]}}