{"id":1378,"date":"2026-05-04T13:48:32","date_gmt":"2026-05-04T10:48:32","guid":{"rendered":"https:\/\/fahriatabeyvakfi.com\/?page_id=1378"},"modified":"2026-05-04T13:55:20","modified_gmt":"2026-05-04T10:55:20","slug":"bagis","status":"publish","type":"page","link":"https:\/\/fahriatabeyvakfi.com\/index.php\/bagis\/","title":{"rendered":"Ba\u011f\u0131\u015f"},"content":{"rendered":"\t\t<div data-elementor-type=\"wp-page\" data-elementor-id=\"1378\" class=\"elementor elementor-1378\" data-elementor-post-type=\"page\">\n\t\t\t\t<div class=\"elementor-element elementor-element-7638c94 e-flex e-con-boxed e-con e-parent\" data-id=\"7638c94\" data-element_type=\"container\" data-settings=\"{&quot;background_background&quot;:&quot;classic&quot;}\">\n\t\t\t\t\t<div class=\"e-con-inner\">\n\t\t<div class=\"elementor-element elementor-element-04b6034 e-con-full e-flex e-con e-child\" data-id=\"04b6034\" data-element_type=\"container\" data-settings=\"{&quot;background_background&quot;:&quot;classic&quot;}\">\n\t\t\t\t<div class=\"elementor-element elementor-element-ec1d4fe elementor-widget elementor-widget-heading\" data-id=\"ec1d4fe\" data-element_type=\"widget\" data-widget_type=\"heading.default\">\n\t\t\t\t\t<h1 class=\"elementor-heading-title elementor-size-default\">Ba\u011f\u0131\u015f<\/h1>\t\t\t\t<\/div>\n\t\t\t\t<div class=\"elementor-element elementor-element-7e30790 elementor-widget elementor-widget-ucaddon_breadcrumbs_widget\" data-id=\"7e30790\" data-element_type=\"widget\" data-widget_type=\"ucaddon_breadcrumbs_widget.default\">\n\t\t\t\t<div class=\"elementor-widget-container\">\n\t\t\t\t\t\n<!-- start Breadcrumbs -->\n\t\t<link id='font-awesome-css' href='https:\/\/fahriatabeyvakfi.com\/wp-content\/plugins\/unlimited-elements-for-elementor-premium\/assets_libraries\/font-awesome6\/fontawesome-all.min.css' type='text\/css' rel='stylesheet' >\n\t\t<link id='font-awesome-4-shim-css' href='https:\/\/fahriatabeyvakfi.com\/wp-content\/plugins\/unlimited-elements-for-elementor-premium\/assets_libraries\/font-awesome6\/fontawesome-v4-shims.min.css' type='text\/css' rel='stylesheet' >\n\n<style>\/* widget: Breadcrumbs *\/\n\n#uc_breadcrumbs_widget_elementor_7e30790 .uc-breadcrumbs-list {\n  margin: 0;\n  padding: 0;\n  display: flex;\n  flex-wrap: wrap;\n}\n#uc_breadcrumbs_widget_elementor_7e30790 .uc-breadcrumbs-list li {\n  display: flex;\n  align-items: center;\n  list-style-type: none;\n}\n#uc_breadcrumbs_widget_elementor_7e30790 .uc-item-title {\n    position: relative;\n    display: inline-flex;\n    justify-content: center;\n    align-items: center;\n}\n#uc_breadcrumbs_widget_elementor_7e30790 .uc-item-title-inner{\n  display: flex;\n  align-items: center;\n}\n\n\n\n\n\n\n\n<\/style>\n\n\n    \t\n            <div id=\"uc_breadcrumbs_widget_elementor_7e30790\" class=\"uc-breadcrumbs\">\n            <ul class=\"uc-breadcrumbs-list default\">\n                                                            <li class=\"uc-breadcrumb-item\">\n                            <a href=\"https:\/\/fahriatabeyvakfi.com\/\" class=\"uc-item-title\">\n                              <span class=\"uc-item-title-inner\">\n                                                                                                Anasayfa\n                              <\/span>\n                            <\/a>\n                                                    <\/li>              \t\t    \n                                                <\/ul>\n        <\/div>\n\n            \n<!-- end Breadcrumbs -->\t\t\t\t<\/div>\n\t\t\t\t<\/div>\n\t\t\t\t<\/div>\n\t\t\t\t\t<\/div>\n\t\t\t\t<\/div>\n\t\t<div class=\"elementor-element elementor-element-a00286b e-con-full e-flex e-con e-parent\" data-id=\"a00286b\" data-element_type=\"container\">\n\t\t<div class=\"elementor-element elementor-element-8e53721 e-con-full e-flex e-con e-child\" data-id=\"8e53721\" data-element_type=\"container\">\n\t\t<div class=\"elementor-element elementor-element-d435f9a e-con-full e-flex e-con e-child\" data-id=\"d435f9a\" data-element_type=\"container\">\n\t\t<div class=\"elementor-element elementor-element-5e5c3e7 e-con-full e-flex e-con e-child\" data-id=\"5e5c3e7\" data-element_type=\"container\">\n\t\t\t\t<div class=\"elementor-element elementor-element-59fe271 elementor-widget elementor-widget-heading\" data-id=\"59fe271\" data-element_type=\"widget\" data-widget_type=\"heading.default\">\n\t\t\t\t\t<div class=\"elementor-heading-title elementor-size-default\">H\u0131zl\u0131 Eri\u015fim<\/div>\t\t\t\t<\/div>\n\t\t\t\t<div class=\"elementor-element elementor-element-337a2a7 elementor-nav-menu--dropdown-none elementor-widget elementor-widget-nav-menu\" data-id=\"337a2a7\" data-element_type=\"widget\" data-settings=\"{&quot;layout&quot;:&quot;vertical&quot;,&quot;submenu_icon&quot;:{&quot;value&quot;:&quot;&lt;i class=\\&quot;fas fa-caret-down\\&quot; aria-hidden=\\&quot;true\\&quot;&gt;&lt;\\\/i&gt;&quot;,&quot;library&quot;:&quot;fa-solid&quot;}}\" data-widget_type=\"nav-menu.default\">\n\t\t\t\t\t\t\t\t<nav aria-label=\"Menu\" class=\"elementor-nav-menu--main elementor-nav-menu__container elementor-nav-menu--layout-vertical e--pointer-none\">\n\t\t\t\t<ul id=\"menu-1-337a2a7\" class=\"elementor-nav-menu sm-vertical\"><li class=\"menu-item menu-item-type-post_type menu-item-object-faaliyet menu-item-1143\"><a href=\"https:\/\/fahriatabeyvakfi.com\/index.php\/faaliyet\/burs-faaliyetleri\/\" class=\"elementor-item\">Burs Faaliyetleri<\/a><\/li>\n<li class=\"menu-item menu-item-type-post_type menu-item-object-faaliyet menu-item-1144\"><a href=\"https:\/\/fahriatabeyvakfi.com\/index.php\/faaliyet\/saglik-yardimlari\/\" class=\"elementor-item\">Sa\u011fl\u0131k Yard\u0131mlar\u0131<\/a><\/li>\n<li class=\"menu-item menu-item-type-post_type menu-item-object-faaliyet menu-item-1145\"><a href=\"https:\/\/fahriatabeyvakfi.com\/index.php\/faaliyet\/ilac-yardimlari\/\" class=\"elementor-item\">\u0130la\u00e7 Yard\u0131mlar\u0131<\/a><\/li>\n<li class=\"menu-item menu-item-type-post_type menu-item-object-faaliyet menu-item-1146\"><a href=\"https:\/\/fahriatabeyvakfi.com\/index.php\/faaliyet\/teknik-ekipman-tedariki\/\" class=\"elementor-item\">Teknik Ekipman Tedariki<\/a><\/li>\n<li class=\"menu-item menu-item-type-post_type menu-item-object-faaliyet menu-item-1147\"><a href=\"https:\/\/fahriatabeyvakfi.com\/index.php\/faaliyet\/anne-cocuk-sagligi-destek-faaliyetleri\/\" class=\"elementor-item\">Anne \u2013 \u00c7ocuk Sa\u011fl\u0131\u011f\u0131 Destek Faaliyetleri<\/a><\/li>\n<li class=\"menu-item menu-item-type-post_type menu-item-object-faaliyet menu-item-1148\"><a href=\"https:\/\/fahriatabeyvakfi.com\/index.php\/faaliyet\/amaca-yonelik-faaliyetler\/\" class=\"elementor-item\">Amaca Y\u00f6nelik Faaliyetler<\/a><\/li>\n<\/ul>\t\t\t<\/nav>\n\t\t\t\t\t\t<nav class=\"elementor-nav-menu--dropdown elementor-nav-menu__container\" aria-hidden=\"true\">\n\t\t\t\t<ul id=\"menu-2-337a2a7\" class=\"elementor-nav-menu sm-vertical\"><li class=\"menu-item menu-item-type-post_type menu-item-object-faaliyet menu-item-1143\"><a href=\"https:\/\/fahriatabeyvakfi.com\/index.php\/faaliyet\/burs-faaliyetleri\/\" class=\"elementor-item\" tabindex=\"-1\">Burs Faaliyetleri<\/a><\/li>\n<li class=\"menu-item menu-item-type-post_type menu-item-object-faaliyet menu-item-1144\"><a href=\"https:\/\/fahriatabeyvakfi.com\/index.php\/faaliyet\/saglik-yardimlari\/\" class=\"elementor-item\" tabindex=\"-1\">Sa\u011fl\u0131k Yard\u0131mlar\u0131<\/a><\/li>\n<li class=\"menu-item menu-item-type-post_type menu-item-object-faaliyet menu-item-1145\"><a href=\"https:\/\/fahriatabeyvakfi.com\/index.php\/faaliyet\/ilac-yardimlari\/\" class=\"elementor-item\" tabindex=\"-1\">\u0130la\u00e7 Yard\u0131mlar\u0131<\/a><\/li>\n<li class=\"menu-item menu-item-type-post_type menu-item-object-faaliyet menu-item-1146\"><a href=\"https:\/\/fahriatabeyvakfi.com\/index.php\/faaliyet\/teknik-ekipman-tedariki\/\" class=\"elementor-item\" tabindex=\"-1\">Teknik Ekipman Tedariki<\/a><\/li>\n<li class=\"menu-item menu-item-type-post_type menu-item-object-faaliyet menu-item-1147\"><a href=\"https:\/\/fahriatabeyvakfi.com\/index.php\/faaliyet\/anne-cocuk-sagligi-destek-faaliyetleri\/\" class=\"elementor-item\" tabindex=\"-1\">Anne \u2013 \u00c7ocuk Sa\u011fl\u0131\u011f\u0131 Destek Faaliyetleri<\/a><\/li>\n<li class=\"menu-item menu-item-type-post_type menu-item-object-faaliyet menu-item-1148\"><a href=\"https:\/\/fahriatabeyvakfi.com\/index.php\/faaliyet\/amaca-yonelik-faaliyetler\/\" class=\"elementor-item\" tabindex=\"-1\">Amaca Y\u00f6nelik Faaliyetler<\/a><\/li>\n<\/ul>\t\t\t<\/nav>\n\t\t\t\t\t\t<\/div>\n\t\t\t\t<\/div>\n\t\t\t\t<\/div>\n\t\t<div class=\"elementor-element elementor-element-67eea62 e-con-full e-flex e-con e-child\" data-id=\"67eea62\" data-element_type=\"container\">\n\t\t\t\t<div class=\"elementor-element elementor-element-f6b69b3 elementor-widget elementor-widget-text-editor\" data-id=\"f6b69b3\" data-element_type=\"widget\" data-widget_type=\"text-editor.default\">\n\t\t\t\t\t\t\t\t\t<p>Aile , \u00e7ocuk ve Toplum sa\u011fl\u0131\u011f\u0131n\u0131 g\u00fc\u00e7lendirmek , ihtiya\u00e7 sahibi bireylerin tedaviye eri\u015fimini desteklemek, ihtiyac\u0131 olan sa\u011fl\u0131k kurul\u0131\u015flar\u0131na ekipman, sa\u011fl\u0131k alan\u0131nda okuyan \u00f6\u011frencilere e\u011fitim bursu temin etmek amac\u0131yla vakf\u0131m\u0131za \u00a0yap\u0131lacak ba\u011f\u0131\u015flar b\u00fcy\u00fck \u00f6nem ta\u015f\u0131maktad\u0131r.<\/p><p>Yap\u0131lan her ba\u011f\u0131\u015f; hastalar\u0131n tedavi s\u00fcre\u00e7lerine katk\u0131 sa\u011flamakta, sa\u011fl\u0131k hizmetlerindeki e\u015fitsizlikleri azaltmakta ve bilimsel ara\u015ft\u0131rmalar\u0131n geli\u015fmesine destek olmaktad\u0131r. Ayr\u0131ca koruyucu sa\u011fl\u0131k hizmetleri ve toplum sa\u011fl\u0131\u011f\u0131n\u0131 iyile\u015ftirmeye y\u00f6nelik projelerin hayata ge\u00e7irilmesine imkan tan\u0131maktad\u0131r.<\/p><p>Unutulmamal\u0131d\u0131r ki, sa\u011fl\u0131k alan\u0131nda yap\u0131lan her katk\u0131 bir hayat\u0131 de\u011fi\u015ftirebilir. Bu nedenle t\u00fcm duyarl\u0131 bireyleri sa\u011fl\u0131k vak\u0131f\u0131m\u0131za \u00a0destek olmaya davet ediyoruz.<\/p><p>Sa\u011fl\u0131kl\u0131 bir toplum, ortak sorumlulu\u011fumuzdur.<\/p>\t\t\t\t\t\t\t\t<\/div>\n\t\t<div class=\"elementor-element elementor-element-1be23da e-con-full e-flex e-con e-child\" data-id=\"1be23da\" data-element_type=\"container\" data-settings=\"{&quot;background_background&quot;:&quot;classic&quot;}\">\n\t\t<div class=\"elementor-element elementor-element-e1e9ccc e-con-full e-flex e-con e-child\" data-id=\"e1e9ccc\" data-element_type=\"container\">\n\t\t\t\t<div class=\"elementor-element elementor-element-aff6888 elementor-widget elementor-widget-heading\" data-id=\"aff6888\" data-element_type=\"widget\" data-widget_type=\"heading.default\">\n\t\t\t\t\t<span class=\"elementor-heading-title elementor-size-default\">Hesap Numaralar\u0131m\u0131z<\/span>\t\t\t\t<\/div>\n\t\t\t\t<div class=\"elementor-element elementor-element-286b00a elementor-widget elementor-widget-text-editor\" data-id=\"286b00a\" data-element_type=\"widget\" data-widget_type=\"text-editor.default\">\n\t\t\t\t\t\t\t\t\t<p>TR78 0001 5001 5800 7286 1228 88<\/p>\t\t\t\t\t\t\t\t<\/div>\n\t\t\t\t<\/div>\n\t\t\t\t<\/div>\n\t\t\t\t<\/div>\n\t\t\t\t<\/div>\n\t\t\t\t<\/div>\n\t\t\t\t<\/div>\n\t\t","protected":false},"excerpt":{"rendered":"<p>Anasayfa | Blog | Parent Category | Category | Page Title H\u0131zl\u0131 Eri\u015fim Aile , \u00e7ocuk ve Toplum sa\u011fl\u0131\u011f\u0131n\u0131 g\u00fc\u00e7lendirmek , ihtiya\u00e7 sahibi bireylerin tedaviye eri\u015fimini desteklemek, ihtiyac\u0131 olan sa\u011fl\u0131k kurul\u0131\u015flar\u0131na ekipman, sa\u011fl\u0131k alan\u0131nda okuyan \u00f6\u011frencilere e\u011fitim bursu temin etmek amac\u0131yla vakf\u0131m\u0131za \u00a0yap\u0131lacak ba\u011f\u0131\u015flar b\u00fcy\u00fck \u00f6nem ta\u015f\u0131maktad\u0131r. Yap\u0131lan her ba\u011f\u0131\u015f; hastalar\u0131n tedavi s\u00fcre\u00e7lerine katk\u0131 sa\u011flamakta, [&hellip;]<\/p>\n","protected":false},"author":1,"featured_media":0,"parent":0,"menu_order":0,"comment_status":"closed","ping_status":"closed","template":"","meta":{"_acf_changed":false,"footnotes":""},"class_list":["post-1378","page","type-page","status-publish","hentry"],"acf":[],"_links":{"self":[{"href":"https:\/\/fahriatabeyvakfi.com\/index.php\/wp-json\/wp\/v2\/pages\/1378","targetHints":{"allow":["GET"]}}],"collection":[{"href":"https:\/\/fahriatabeyvakfi.com\/index.php\/wp-json\/wp\/v2\/pages"}],"about":[{"href":"https:\/\/fahriatabeyvakfi.com\/index.php\/wp-json\/wp\/v2\/types\/page"}],"author":[{"embeddable":true,"href":"https:\/\/fahriatabeyvakfi.com\/index.php\/wp-json\/wp\/v2\/users\/1"}],"replies":[{"embeddable":true,"href":"https:\/\/fahriatabeyvakfi.com\/index.php\/wp-json\/wp\/v2\/comments?post=1378"}],"version-history":[{"count":4,"href":"https:\/\/fahriatabeyvakfi.com\/index.php\/wp-json\/wp\/v2\/pages\/1378\/revisions"}],"predecessor-version":[{"id":1383,"href":"https:\/\/fahriatabeyvakfi.com\/index.php\/wp-json\/wp\/v2\/pages\/1378\/revisions\/1383"}],"wp:attachment":[{"href":"https:\/\/fahriatabeyvakfi.com\/index.php\/wp-json\/wp\/v2\/media?parent=1378"}],"curies":[{"name":"wp","href":"https:\/\/api.w.org\/{rel}","templated":true}]}}